{"id":8714,"date":"2021-06-09T14:42:43","date_gmt":"2021-06-09T14:42:43","guid":{"rendered":"http:\/\/hypnosmusicproject.es\/?page_id=8714"},"modified":"2021-06-09T14:47:48","modified_gmt":"2021-06-09T14:47:48","slug":"privacidad-y-proteccion-de-datos","status":"publish","type":"page","link":"https:\/\/hypnosmusicproject.es\/index.php\/privacidad-y-proteccion-de-datos\/","title":{"rendered":"Privacidad y Protecci\u00f3n de Datos"},"content":{"rendered":"<div id=\"content-side\" class=\"side\">\n<div id=\"content-side2\" class=\"side2\">\n<div class=\"container-content\">\n<div id=\"content-content\">\n<div id=\"content-content-inner\" class=\"container-content-inner\">\n<div id=\"widget-13fe7f04-5d39-4c5e-38fd-2e4b12a0668c\" class=\"widget widget-pagecontent \">\n<div class=\"widget-content\">\n<div id=\"widget-9d1d8773-654d-00e7-5b82-b2f0ea0c831d\" class=\"widget widget-text \">\n<div class=\"widget-content\">\n<div id=\"content-side3\">\n<div id=\"content-side4\">\n<div>\n<div id=\"content-content2\">\n<div id=\"content-content-inner2\">\n<div id=\"widget-13fe7f04-5d39-4c5e-38fd-2e4b12a0668c2\">\n<div>\n<div id=\"widget-9d1d8773-654d-00e7-5b82-b2f0ea0c831d2\">\n<div>\n<p><strong>IDENTIFICACI\u00d3N<\/strong><\/p>\n<p>En cumplimiento con el deber de informaci\u00f3n recogido en art\u00edculo 10 de la Ley 34\/2002, de 11 de julio, de Servicios de la Sociedad de la Informaci\u00f3n y del Comercio Electr\u00f3nico, HYPNOS MUSIC PROJECT, le informa que los datos aqu\u00ed consignados corresponden a la entidad titular del sitio web .<\/p>\n<p><strong>PROPIEDAD INTELECTUAL E INDUSTRIAL<\/strong><\/p>\n<p>Todos los derechos de Propiedad Industrial e Intelectual de la totalidad de elementos contenidos en esta Web, incluidas lasmarcas comerciales, formatos, dise\u00f1os gr\u00e1ficos, textos, im\u00e1genes y documentos, pertenecen a HYPNOS MUSIC PROJECT y se encuentran protegidos por las leyes espa\u00f1olas e internacionales sobre propiedad Intelectual e Industrial. Queda expresamente prohibida la reproducci\u00f3n total o parcial de este sitio Web y de cualquiera de sus contenidos sin el permiso expreso y por escrito de HYPNOS MUSIC PROJECT<\/p>\n<p>El acceso al sitio web no implica ning\u00fan tipo de renuncia, transmisi\u00f3n, licencia o cesi\u00f3n de dichos derechos por parte de HYPNOS MUSIC PROJECT, salvo que se establezca expresamente lo contrario.<\/p>\n<p><strong>CONDICIONES DE USO<\/strong><\/p>\n<p>El acceso a este sitio Web implica la aceptaci\u00f3n de estas condiciones de uso sin reservas que regulan el acceso y la utilizaci\u00f3n del mismo con el fin de poner a disposici\u00f3n de los usuarios informaci\u00f3n sobre nuestros productos.<\/p>\n<p>Se proh\u00edbe expresamente la utilizaci\u00f3n de los contenidos de este sitio Web para su utilizaci\u00f3n con fines comerciales o para su distribuci\u00f3n, transformaci\u00f3n o comunicaci\u00f3n.<\/p>\n<p>HYPNOS MUSIC PROJECT, no responder\u00e1 de ninguna consecuencia, da\u00f1o o perjuicio que pudieran derivarse de dicha utilizaci\u00f3n o uso de la informaci\u00f3n.<\/p>\n<p>Tanto el acceso a esta Web como el uso que pueda hacerse de la informaci\u00f3n contenida en la misma es de la exclusiva responsabilidad de quien lo realiza.<\/p>\n<p>El usuario se obliga a no utilizar la informaci\u00f3n que se publica en esta Web con fines o efectos il\u00edcitos o lesivos, a no da\u00f1ar o inutilizar la informaci\u00f3n y a no realizar cualquier otra acci\u00f3n que puedan ser contraria al contenido de este Aviso Legal.<\/p>\n<p>HYPNOS MUSIC PROJECT no puede asegurar la inexistencia de interrupciones o errores en el acceso a este sitio Web, aunque pondr\u00e1 sus mayores esfuerzos para evitarlos.<\/p>\n<p><strong>POL\u00cdTICA DE PROTECCI\u00d3N DE DATOS<\/strong><\/p>\n<p>En cumplimiento del REGLAMENTO (UE) 2016\/679 DEL PARLAMENTO EUROPEO Y DEL CONSEJO de 27 de Abril de 2016, relativo a la protecci\u00f3n de las personas f\u00edsicas en lo que respecta al tratamiento de datos personales y a la libre circulaci\u00f3n de estos datos y su normativa de desarrollo, se le informa que los datos personales proporcionados por usted ser\u00e1n tratados con las siguientes finalidades:<\/p>\n<p>\u2013 Informarle acerca de nuestros productos y servicios, cuando as\u00ed lo solicite.<\/p>\n<p>\u2013 Dar contestaci\u00f3n y gestionar sus consultas, comentarios y sugerencias, en su caso.<\/p>\n<p>\u2013 Gestionar su participaci\u00f3n en presentes y futuros procesos de selecci\u00f3n, cuando nos haga llegar sus datos (inclu\u00eddo su curr\u00edculo) con dicha finalidad. Cuando iniciemos alg\u00fan proceso de selecci\u00f3n donde pueda encajar su perfil, nos pondremos en contacto con usted. Mantendremos sus datos personales durante un periodo de dos a\u00f1os con el fin de poder contar con su participaci\u00f3n en futuros procesos.<\/p>\n<p>A trav\u00e9s de la cumplimentaci\u00f3n de formularios de contacto de la Web o mediante el env\u00edo de correos electr\u00f3nicos o cualquier otro tipo de solicitud de informaci\u00f3n remitida a HYPNOS MUSIC PROJECT, el interesado presta su consentimiento expreso para el tratamiento de sus datos personales.<\/p>\n<p>En ning\u00fan caso HYPNOS MUSIC PROJECT, utilizar\u00e1 los datos personales de los interesados para fines distintos de los anteriormente mencionados, ni los comunicar\u00e1 a terceros sin el consentimiento revio y expreso del afectado, y se compromete a guardar el debido secreto profesional y a establecer las medidas t\u00e9cnicas y organizativas necesarias para HYPNOS MUSIC PROJECT salvaguardar la informaci\u00f3n conforme a los requerimientos que establece el mencionado Reglamento. La base legal para el tratamiento de los datos de contacto obtenidos a trav\u00e9s de la presente p\u00e1gina web con los fines arriba indicados ser\u00e1 el consentimiento expreso prestado por el propio interesado. Asimismo, cuando el usuario solicite nuestros servicios, la base legal del tratamiento ser\u00e1 el cumplimiento de un contrato del que el interesado es parte.<\/p>\n<p>Los datos personales de contacto facilitados mediante la presente p\u00e1gina web se conservar\u00e1n en nuestros registros durante un periodo de tres a\u00f1os. En relaci\u00f3n a los datos tratados para la prestaci\u00f3n de nuestros servicios, estos ser\u00e1n conservados mientras sea necesario para alcanzar dicho fin y puedan derivarse responsabilidades de su tratamiento.<\/p>\n<p>No obstante, en cualquier momento usted puede solicitar mediante escrito acompa\u00f1ado de copia de documento oficial que le identifique, el acceso a sus datos personales y su rectificaci\u00f3n o supresi\u00f3n. As\u00ed como, limitar su tratamiento, o directamente oponerse al tratamiento o ejercer el derecho a la portabilidad de los mismos.<\/p>\n<p>Tambi\u00e9n le informamos de su derecho a presentar una reclamaci\u00f3n ante la Agencia Espa\u00f1ola de Protecci\u00f3n de Datos, si considera que en el tratamiento de sus datos no se est\u00e1n respetando sus derechos.<\/p>\n<p><strong>POL\u00cdTICA DE PROTECCI\u00d3N DE MENORES <\/strong><\/p>\n<p>Quien facilita los datos a trav\u00e9s de los formularios de esta Web y acepta su tratamiento declara formalmente ser mayor de 13 a\u00f1os.<\/p>\n<p>Queda prohibido el acceso y uso del portal a los menores de 13 a\u00f1os de edad.<\/p>\n<p>HYPNOS MUSIC PROJECT recuerda a las personas mayores de edad que tengan a su cargo menores, que ser\u00e1 de su exclusiva responsabilidad si alg\u00fan menor incorpora sus datos para solicitar alg\u00fan producto.<\/p>\n<p>Tambi\u00e9n les informa que existen programas inform\u00e1ticos para acotar la navegaci\u00f3n mediante el filtro o bloqueo a determinados contenidos.<\/p>\n<p><strong>REDES SOCIALES<\/strong><\/p>\n<p>Al seguir nuestro perfil en las redes sociales consiente expresamente el tratamiento de sus datos personales conforme a su pol\u00edtica de privacidad. Tambi\u00e9n consiente expresamente el acceso de HYPNOS MUSIC PROJECT al tratamiento de sus datos contenidos en la lista de amigos y a que a que las noticias publicadas sobre cualquier producto de HYPNOS MUSIC PROJECT aparezcan en su muro.<\/p>\n<p>De conformidad con el REGLAMENTO (UE) 2016\/679 DEL PARLAMENTO EUROPEO, le informamos que los datos personales de los seguidores de HYPNOS MUSIC PROJECT, ser\u00e1n incorporados a un fichero cuyo titular es HYPNOS MUSIC PROJECT con la finalidad de mantenerle informados a trav\u00e9s de las redes sociales sobre noticias relativas a las actividades de HYPNOS MUSIC PROJECT.<\/p>\n<p>Su petici\u00f3n para conectar, implica necesariamente su consentimiento para los tratamientos se\u00f1alados.<\/p>\n<p>La publicaci\u00f3n de comentarios y contenidos en las redes sociales se convertir\u00e1n en informaci\u00f3n p\u00fablica, por lo que los usuarios deber\u00e1n tener especial cautela cuando decidan compartir su informaci\u00f3n personal. HYPNOS MUSIC PROJECT no se hace responsable por la informaci\u00f3n que los usuarios incorporen en la p\u00e1gina. No obstante, las personas cuyos datos personales se encuentren publicados o est\u00e9n incluidos en comentarios, podr\u00e1n solicitar a HYPNOS MUSIC PROJECT la cancelaci\u00f3n de los mismos.<\/p>\n<p>En cualquier momento, usted puede ejercer los derechos de acceso, rectificaci\u00f3n, supresi\u00f3n y oposici\u00f3n, limitar el tratamiento de sus datos, o directamente oponerse al tratamiento, o ejercer el derecho a la portabilidad de los mismos.<\/p>\n<p>Todo ello, mediante escrito, acompa\u00f1ado de copia de documento oficial que le identifique, dirigido a HYPNOS MUSIC PROJECT . En caso de disconformidad con el tratamiento, tambi\u00e9n tiene derecho a presentar una reclamaci\u00f3n ante la Agencia Espa\u00f1ola de Protecci\u00f3n de Datos.<\/p>\n<p><strong>ENLACES A OTRAS WEBS<\/strong><\/p>\n<p>Los enlaces (links) que puede encontrar en esta Web son un servicio a los usuarios. Estas p\u00e1ginas no son operadas ni controladas por HYPNOS MUSIC PROJECT, por ello, no se hace responsable de los contenidos de esos sitios Web ni est\u00e1n cubiertas por el presente Aviso Legal. Si accede a estas p\u00e1ginas Webs deber\u00e1 tener en cuenta que sus pol\u00edticas de privacidad pueden ser diferentes a la nuestra.<\/p>\n<p><strong>LEGISLACI\u00d3N APLICABLE Y COMPETENCIA JURISDICCIONAL<\/strong><\/p>\n<p>El presente Aviso Legal se rige por la normativa espa\u00f1ola vigente que le es de aplicaci\u00f3n.<\/p>\n<p>Para la resoluci\u00f3n de las controversias que pudieran derivarse como consecuencia de lo dispuesto en las presentes disposiciones y sobre su interpretaci\u00f3n, aplicaci\u00f3n y cumplimiento. El usuario, en virtud de la aceptaci\u00f3n de las condiciones recogidas en este Aviso legal, renuncia expresamente a cualquier otro fuero que pudiera corresponderle.<\/p>\n<p>En cualquier caso, dentro de la jurisdicci\u00f3n espa\u00f1ola, si la legislaci\u00f3n permitiese someterse a un fuero en concreto, el usuario renuncia expresamente al fuero que pudiera corresponderle y se somete voluntariamente a la jurisdicci\u00f3n de los Juzgados y Tribunales de Cartagena (MURCIA).<\/p>\n<\/div>\n<\/div>\n<\/div>\n<\/div>\n<\/div>\n<\/div>\n<\/div>\n<\/div>\n<\/div>\n<\/div>\n<\/div>\n<\/div>\n<\/div>\n<\/div>\n<\/div>\n<\/div>\n<\/div>\n<\/div>\n","protected":false},"excerpt":{"rendered":"<p>IDENTIFICACI\u00d3N En cumplimiento con el deber de informaci\u00f3n recogido en art\u00edculo 10 de la Ley 34\/2002, de 11 de julio, de Servicios de la Sociedad de la Informaci\u00f3n y del Comercio Electr\u00f3nico, HYPNOS MUSIC PROJECT, le informa que los datos aqu\u00ed consignados corresponden a la&#8230;<\/p>\n","protected":false},"author":1,"featured_media":0,"parent":0,"menu_order":0,"comment_status":"closed","ping_status":"closed","template":"","meta":{"footnotes":""},"class_list":["post-8714","page","type-page","status-publish","hentry"],"_links":{"self":[{"href":"https:\/\/hypnosmusicproject.es\/index.php\/wp-json\/wp\/v2\/pages\/8714"}],"collection":[{"href":"https:\/\/hypnosmusicproject.es\/index.php\/wp-json\/wp\/v2\/pages"}],"about":[{"href":"https:\/\/hypnosmusicproject.es\/index.php\/wp-json\/wp\/v2\/types\/page"}],"author":[{"embeddable":true,"href":"https:\/\/hypnosmusicproject.es\/index.php\/wp-json\/wp\/v2\/users\/1"}],"replies":[{"embeddable":true,"href":"https:\/\/hypnosmusicproject.es\/index.php\/wp-json\/wp\/v2\/comments?post=8714"}],"version-history":[{"count":3,"href":"https:\/\/hypnosmusicproject.es\/index.php\/wp-json\/wp\/v2\/pages\/8714\/revisions"}],"predecessor-version":[{"id":8717,"href":"https:\/\/hypnosmusicproject.es\/index.php\/wp-json\/wp\/v2\/pages\/8714\/revisions\/8717"}],"wp:attachment":[{"href":"https:\/\/hypnosmusicproject.es\/index.php\/wp-json\/wp\/v2\/media?parent=8714"}],"curies":[{"name":"wp","href":"https:\/\/api.w.org\/{rel}","templated":true}]}}