{"id":8782,"date":"2023-10-27T11:33:33","date_gmt":"2023-10-27T11:33:33","guid":{"rendered":"https:\/\/hypnosmusicproject.es\/?post_type=product&#038;p=8782"},"modified":"2024-01-25T00:48:57","modified_gmt":"2024-01-25T00:48:57","slug":"alae-noctis-eternal-best-for-the-rest-cd","status":"publish","type":"product","link":"https:\/\/hypnosmusicproject.es\/index.php\/producto\/alae-noctis-eternal-best-for-the-rest-cd\/","title":{"rendered":"Alae Noctis-Eternal best for the rest (CD)"},"content":{"rendered":"<p>Alae Noctis, son una banda de Retro-Wave, Synth-Wave y Hard-Rock 80s, fundada en 1998 por el vocalista y<br \/>\nguitarrista Diego Noctis, conocidos por un estilo ecl\u00e9ctico, fuertemente influenciado por el sonido y la producci\u00f3n<br \/>\nt\u00edpicos de los a\u00f1os 80s.<br \/>\nTienen un repertorio de canciones donde puedes encontrar estilos tan diversos como el Hard-Rock, Blues,<br \/>\nIndustrial, Metal o Folk caracterizado por el uso de guitarras MIDI, bater\u00edas \u201ctrigueadas\u201d y sintetizadores lo cual<br \/>\naporta a la banda una atm\u00f3sfera ochentera muy personal.<br \/>\nSu sonido lleno de gui\u00f1os a pel\u00edculas y videojuegos de los 80s, te dejar\u00e1 inmerso en esa \u00e9poca que puedes<br \/>\nrecorrer a trav\u00e9s de nuestra discograf\u00eda. A d\u00eda de hoy, consta de 5 \u00e1lbumes y 2 recopilatorios. Tambi\u00e9n tienen<br \/>\notros 5 trabajos que no pudieron ver la luz en su momento y poco a poco van sacando adelante.<br \/>\nEn 2021 lanzan un recopilatorio con canciones de todos los trabajos de la banda, tanto los que han podido<br \/>\nproducir como los que se quedaron en el tintero .\u201cEternal Rest for the Best\u201d.<\/p>\n","protected":false},"excerpt":{"rendered":"<p>\u00abEternal best for the rest\u00bb es el disco recopilatorio de mas de 15 a\u00f1os de carrera del grupo cartagenero Alae Noctis, donde recogen lo mejor de sus once trabajos anteriores, puro Hard Rock retro con sintetizadores que junto con la voz de Diego Noctis nos trasladan a otra \u00e9poca.<\/p>\n<p><img loading=\"lazy\" decoding=\"async\" class=\"alignnone size-medium wp-image-8827\" src=\"http:\/\/hypnosmusicproject.es\/wp-content\/uploads\/2023\/10\/Foto-grupo-ALAE-NOCTIS-300x211.jpg\" alt=\"\" width=\"300\" height=\"211\" srcset=\"https:\/\/hypnosmusicproject.es\/wp-content\/uploads\/2023\/10\/Foto-grupo-ALAE-NOCTIS-300x211.jpg 300w, https:\/\/hypnosmusicproject.es\/wp-content\/uploads\/2023\/10\/Foto-grupo-ALAE-NOCTIS-1024x722.jpg 1024w, https:\/\/hypnosmusicproject.es\/wp-content\/uploads\/2023\/10\/Foto-grupo-ALAE-NOCTIS-768x541.jpg 768w, https:\/\/hypnosmusicproject.es\/wp-content\/uploads\/2023\/10\/Foto-grupo-ALAE-NOCTIS-1536x1082.jpg 1536w, https:\/\/hypnosmusicproject.es\/wp-content\/uploads\/2023\/10\/Foto-grupo-ALAE-NOCTIS-600x423.jpg 600w, https:\/\/hypnosmusicproject.es\/wp-content\/uploads\/2023\/10\/Foto-grupo-ALAE-NOCTIS.jpg 2048w\" sizes=\"(max-width: 300px) 100vw, 300px\" \/><\/p>\n","protected":false},"featured_media":8826,"template":"","meta":[],"product_cat":[45],"product_tag":[],"class_list":{"0":"post-8782","1":"product","2":"type-product","3":"status-publish","4":"has-post-thumbnail","6":"product_cat-musica","8":"first","9":"instock","10":"sale","11":"shipping-taxable","12":"purchasable","13":"product-type-simple"},"_links":{"self":[{"href":"https:\/\/hypnosmusicproject.es\/index.php\/wp-json\/wp\/v2\/product\/8782"}],"collection":[{"href":"https:\/\/hypnosmusicproject.es\/index.php\/wp-json\/wp\/v2\/product"}],"about":[{"href":"https:\/\/hypnosmusicproject.es\/index.php\/wp-json\/wp\/v2\/types\/product"}],"wp:featuredmedia":[{"embeddable":true,"href":"https:\/\/hypnosmusicproject.es\/index.php\/wp-json\/wp\/v2\/media\/8826"}],"wp:attachment":[{"href":"https:\/\/hypnosmusicproject.es\/index.php\/wp-json\/wp\/v2\/media?parent=8782"}],"wp:term":[{"taxonomy":"product_cat","embeddable":true,"href":"https:\/\/hypnosmusicproject.es\/index.php\/wp-json\/wp\/v2\/product_cat?post=8782"},{"taxonomy":"product_tag","embeddable":true,"href":"https:\/\/hypnosmusicproject.es\/index.php\/wp-json\/wp\/v2\/product_tag?post=8782"}],"curies":[{"name":"wp","href":"https:\/\/api.w.org\/{rel}","templated":true}]}}