{"id":8788,"date":"2024-01-02T09:25:47","date_gmt":"2024-01-02T09:25:47","guid":{"rendered":"https:\/\/hypnosmusicproject.es\/?post_type=product&#038;p=8788"},"modified":"2024-10-07T00:27:59","modified_gmt":"2024-10-07T00:27:59","slug":"crisalida-puntofinal","status":"publish","type":"product","link":"https:\/\/hypnosmusicproject.es\/index.php\/producto\/crisalida-puntofinal\/","title":{"rendered":"Punto&#038;Final-Crisalida (CD)"},"content":{"rendered":"<p>Punto&amp;Final nos traen con este segundo trabajo, primero en estudio, tras su debut con el disco en directo \u00abExordium\u00bb, un Heavy\/Power Metal Mel\u00f3dico con 12 temas que van desde baladas hasta temas \u00e9picos o incluso mas oscuros, un set de temas que rompen la monoton\u00eda de un larga duraci\u00f3n. Con dos colaboraciones de lujo como son Oscar Sancho (Lujuria) y Jos\u00e9 Cano (Centinela, CANO). Sin duda este \u00abCris\u00e1lida\u00bb es un disco para todos los o\u00eddos.<\/p>\n","protected":false},"excerpt":{"rendered":"<p>Punto&amp;Final nos traen con este segundo trabajo, primero en estudio, tras su debut con el disco en directo \u00abExordium\u00bb, un Heavy\/Power Metal Mel\u00f3dico con 12 temas que van desde baladas hasta temas \u00e9picos o incluso mas oscuros, un set de temas que rompen la monoton\u00eda de un larga duraci\u00f3n. Con dos colaboraciones de lujo como son Oscar Sancho (Lujuria) y Jos\u00e9 Cano (Centinela, CANO). Sin duda este \u00abCris\u00e1lida\u00bb es un disco para todos los o\u00eddos.<\/p>\n","protected":false},"featured_media":8789,"template":"","meta":[],"product_cat":[45],"product_tag":[],"class_list":{"0":"post-8788","1":"product","2":"type-product","3":"status-publish","4":"has-post-thumbnail","6":"product_cat-musica","8":"first","9":"instock","10":"shipping-taxable","11":"purchasable","12":"product-type-simple"},"_links":{"self":[{"href":"https:\/\/hypnosmusicproject.es\/index.php\/wp-json\/wp\/v2\/product\/8788"}],"collection":[{"href":"https:\/\/hypnosmusicproject.es\/index.php\/wp-json\/wp\/v2\/product"}],"about":[{"href":"https:\/\/hypnosmusicproject.es\/index.php\/wp-json\/wp\/v2\/types\/product"}],"wp:featuredmedia":[{"embeddable":true,"href":"https:\/\/hypnosmusicproject.es\/index.php\/wp-json\/wp\/v2\/media\/8789"}],"wp:attachment":[{"href":"https:\/\/hypnosmusicproject.es\/index.php\/wp-json\/wp\/v2\/media?parent=8788"}],"wp:term":[{"taxonomy":"product_cat","embeddable":true,"href":"https:\/\/hypnosmusicproject.es\/index.php\/wp-json\/wp\/v2\/product_cat?post=8788"},{"taxonomy":"product_tag","embeddable":true,"href":"https:\/\/hypnosmusicproject.es\/index.php\/wp-json\/wp\/v2\/product_tag?post=8788"}],"curies":[{"name":"wp","href":"https:\/\/api.w.org\/{rel}","templated":true}]}}