{"id":8833,"date":"2024-01-18T11:09:13","date_gmt":"2024-01-18T11:09:13","guid":{"rendered":"https:\/\/hypnosmusicproject.es\/?post_type=product&#038;p=8833"},"modified":"2024-01-25T00:41:37","modified_gmt":"2024-01-25T00:41:37","slug":"voktrof-velocidad","status":"publish","type":"product","link":"https:\/\/hypnosmusicproject.es\/index.php\/producto\/voktrof-velocidad\/","title":{"rendered":"Voktrof-Velocidad (CD)"},"content":{"rendered":"","protected":false},"excerpt":{"rendered":"<p>Primer trabajo oficial de estudio de la veterana banda argentina, Voktrof, afincada en Barcelona y liderada por los hermanos Jorge y Juan Buiati que junto con Javier S\u00e1nchez al bajo y Tito Guty como vocalista nos presentan un \u00e1lbum que sin duda har\u00e1 las delicias de los amantes del autentico Heavy Metal, canciones donde mezclan letras en castellano y en ingles y donde notar\u00e1n claras influencias de grupos como Judas Priest o Bar\u00f3n Rojo. Sin duda un disco indispensable para tu colecci\u00f3n. Grabado y publicado en el a\u00f1o 2022.<\/p>\n","protected":false},"featured_media":8815,"template":"","meta":[],"product_cat":[45],"product_tag":[],"class_list":{"0":"post-8833","1":"product","2":"type-product","3":"status-publish","4":"has-post-thumbnail","6":"product_cat-musica","8":"first","9":"instock","10":"shipping-taxable","11":"purchasable","12":"product-type-simple"},"_links":{"self":[{"href":"https:\/\/hypnosmusicproject.es\/index.php\/wp-json\/wp\/v2\/product\/8833"}],"collection":[{"href":"https:\/\/hypnosmusicproject.es\/index.php\/wp-json\/wp\/v2\/product"}],"about":[{"href":"https:\/\/hypnosmusicproject.es\/index.php\/wp-json\/wp\/v2\/types\/product"}],"wp:featuredmedia":[{"embeddable":true,"href":"https:\/\/hypnosmusicproject.es\/index.php\/wp-json\/wp\/v2\/media\/8815"}],"wp:attachment":[{"href":"https:\/\/hypnosmusicproject.es\/index.php\/wp-json\/wp\/v2\/media?parent=8833"}],"wp:term":[{"taxonomy":"product_cat","embeddable":true,"href":"https:\/\/hypnosmusicproject.es\/index.php\/wp-json\/wp\/v2\/product_cat?post=8833"},{"taxonomy":"product_tag","embeddable":true,"href":"https:\/\/hypnosmusicproject.es\/index.php\/wp-json\/wp\/v2\/product_tag?post=8833"}],"curies":[{"name":"wp","href":"https:\/\/api.w.org\/{rel}","templated":true}]}}