{"id":8876,"date":"2024-06-06T21:14:22","date_gmt":"2024-06-06T21:14:22","guid":{"rendered":"https:\/\/hypnosmusicproject.es\/?post_type=product&#038;p=8876"},"modified":"2024-10-07T00:20:00","modified_gmt":"2024-10-07T00:20:00","slug":"exiler-dominus-servorum","status":"publish","type":"product","link":"https:\/\/hypnosmusicproject.es\/index.php\/producto\/exiler-dominus-servorum\/","title":{"rendered":"Exiler-Dominus Servorum (CD)"},"content":{"rendered":"<p>Exiler, el grupo de Industrial Metal, vuelve con su tercer larga duraci\u00f3n \u00abDOMINUS SERVORUM\u00bb. Profundizando m\u00e1s en el g\u00e9nero y buscando su propio sonido dentro de este, Exiler trae un \u00e1lbum cargado de variedad, desde la \u00e9pica \u00abDominus Servorum\u00bb, pasando por su oscura \u00abFamily tree\u00bb, la fiestera \u00abLoverman\u00bb o su homenaje al metal alternativo y los or\u00edgenes de la banda con \u00abWake, Work, Sleep, Repeat\u00bb<\/p>\n","protected":false},"excerpt":{"rendered":"<p>Exiler, el grupo de Industrial Metal, vuelve con su tercer larga duraci\u00f3n \u00abDOMINUS SERVORUM\u00bb. Profundizando m\u00e1s en el g\u00e9nero y buscando su propio sonido dentro de este, Exiler trae un \u00e1lbum cargado de variedad, desde la \u00e9pica \u00abDominus Servorum\u00bb, pasando por su oscura \u00abFamily tree\u00bb, la fiestera \u00abLoverman\u00bb o su homenaje al metal alternativo y los or\u00edgenes de la banda con \u00abWake, Work, Sleep, Repeat\u00bb<\/p>\n","protected":false},"featured_media":8875,"template":"","meta":[],"product_cat":[45],"product_tag":[],"class_list":{"0":"post-8876","1":"product","2":"type-product","3":"status-publish","4":"has-post-thumbnail","6":"product_cat-musica","8":"first","9":"instock","10":"shipping-taxable","11":"purchasable","12":"product-type-simple"},"_links":{"self":[{"href":"https:\/\/hypnosmusicproject.es\/index.php\/wp-json\/wp\/v2\/product\/8876"}],"collection":[{"href":"https:\/\/hypnosmusicproject.es\/index.php\/wp-json\/wp\/v2\/product"}],"about":[{"href":"https:\/\/hypnosmusicproject.es\/index.php\/wp-json\/wp\/v2\/types\/product"}],"wp:featuredmedia":[{"embeddable":true,"href":"https:\/\/hypnosmusicproject.es\/index.php\/wp-json\/wp\/v2\/media\/8875"}],"wp:attachment":[{"href":"https:\/\/hypnosmusicproject.es\/index.php\/wp-json\/wp\/v2\/media?parent=8876"}],"wp:term":[{"taxonomy":"product_cat","embeddable":true,"href":"https:\/\/hypnosmusicproject.es\/index.php\/wp-json\/wp\/v2\/product_cat?post=8876"},{"taxonomy":"product_tag","embeddable":true,"href":"https:\/\/hypnosmusicproject.es\/index.php\/wp-json\/wp\/v2\/product_tag?post=8876"}],"curies":[{"name":"wp","href":"https:\/\/api.w.org\/{rel}","templated":true}]}}