{"id":8894,"date":"2024-10-06T23:52:31","date_gmt":"2024-10-06T23:52:31","guid":{"rendered":"https:\/\/hypnosmusicproject.es\/?post_type=product&#038;p=8894"},"modified":"2024-10-07T00:19:08","modified_gmt":"2024-10-07T00:19:08","slug":"espiral-hagase-la-luz","status":"publish","type":"product","link":"https:\/\/hypnosmusicproject.es\/index.php\/producto\/espiral-hagase-la-luz\/","title":{"rendered":"Espiral-H\u00e1gase la luz (CD)"},"content":{"rendered":"<p>Quinto disco de la banda Espiral, con 10 temas que desprenden puro Heavy Metal en castellano. Una producci\u00f3n cuidad\u00edsima y unas letras comprometidas. Packaging Jewel Box con libreto de 8 p\u00e1ginas. Indispensable.<\/p>\n","protected":false},"excerpt":{"rendered":"<p>Quinto disco de la banda Espiral, con 10 temas que desprenden puro Heavy Metal en castellano. Una producci\u00f3n cuidad\u00edsima y unas letras comprometidas. Packaging Jewel Box con libreto de 8 p\u00e1ginas. Indispensable.<\/p>\n","protected":false},"featured_media":8897,"template":"","meta":[],"product_cat":[45],"product_tag":[],"class_list":{"0":"post-8894","1":"product","2":"type-product","3":"status-publish","4":"has-post-thumbnail","6":"product_cat-musica","8":"first","9":"instock","10":"shipping-taxable","11":"purchasable","12":"product-type-simple"},"_links":{"self":[{"href":"https:\/\/hypnosmusicproject.es\/index.php\/wp-json\/wp\/v2\/product\/8894"}],"collection":[{"href":"https:\/\/hypnosmusicproject.es\/index.php\/wp-json\/wp\/v2\/product"}],"about":[{"href":"https:\/\/hypnosmusicproject.es\/index.php\/wp-json\/wp\/v2\/types\/product"}],"wp:featuredmedia":[{"embeddable":true,"href":"https:\/\/hypnosmusicproject.es\/index.php\/wp-json\/wp\/v2\/media\/8897"}],"wp:attachment":[{"href":"https:\/\/hypnosmusicproject.es\/index.php\/wp-json\/wp\/v2\/media?parent=8894"}],"wp:term":[{"taxonomy":"product_cat","embeddable":true,"href":"https:\/\/hypnosmusicproject.es\/index.php\/wp-json\/wp\/v2\/product_cat?post=8894"},{"taxonomy":"product_tag","embeddable":true,"href":"https:\/\/hypnosmusicproject.es\/index.php\/wp-json\/wp\/v2\/product_tag?post=8894"}],"curies":[{"name":"wp","href":"https:\/\/api.w.org\/{rel}","templated":true}]}}