{"id":8899,"date":"2024-10-06T23:56:58","date_gmt":"2024-10-06T23:56:58","guid":{"rendered":"https:\/\/hypnosmusicproject.es\/?post_type=product&#038;p=8899"},"modified":"2024-10-07T00:18:12","modified_gmt":"2024-10-07T00:18:12","slug":"sake-mate-es-el-momento","status":"publish","type":"product","link":"https:\/\/hypnosmusicproject.es\/index.php\/producto\/sake-mate-es-el-momento\/","title":{"rendered":"Sake Mate-&#8230;Es el momento (CD)"},"content":{"rendered":"<p>La banda madrile\u00f1a Sake Mate nos trae su \u00faltimo trabajo con 8 temas de Heavy cl\u00e1sico, donde incluyen reedici\u00f3n de tres temas m\u00edticos de la banda, Fantasmas, La historia no est\u00e1 escrita y De Reojo en versi\u00f3n directo.<\/p>\n","protected":false},"excerpt":{"rendered":"<p>La banda madrile\u00f1a Sake Mate nos trae su \u00faltimo trabajo con 8 temas de Heavy cl\u00e1sico, donde incluyen reedici\u00f3n de tres temas m\u00edticos de la banda, Fantasmas, La historia no est\u00e1 escrita y De Reojo en versi\u00f3n directo.<\/p>\n","protected":false},"featured_media":8896,"template":"","meta":[],"product_cat":[45],"product_tag":[],"class_list":{"0":"post-8899","1":"product","2":"type-product","3":"status-publish","4":"has-post-thumbnail","6":"product_cat-musica","8":"first","9":"instock","10":"shipping-taxable","11":"purchasable","12":"product-type-simple"},"_links":{"self":[{"href":"https:\/\/hypnosmusicproject.es\/index.php\/wp-json\/wp\/v2\/product\/8899"}],"collection":[{"href":"https:\/\/hypnosmusicproject.es\/index.php\/wp-json\/wp\/v2\/product"}],"about":[{"href":"https:\/\/hypnosmusicproject.es\/index.php\/wp-json\/wp\/v2\/types\/product"}],"wp:featuredmedia":[{"embeddable":true,"href":"https:\/\/hypnosmusicproject.es\/index.php\/wp-json\/wp\/v2\/media\/8896"}],"wp:attachment":[{"href":"https:\/\/hypnosmusicproject.es\/index.php\/wp-json\/wp\/v2\/media?parent=8899"}],"wp:term":[{"taxonomy":"product_cat","embeddable":true,"href":"https:\/\/hypnosmusicproject.es\/index.php\/wp-json\/wp\/v2\/product_cat?post=8899"},{"taxonomy":"product_tag","embeddable":true,"href":"https:\/\/hypnosmusicproject.es\/index.php\/wp-json\/wp\/v2\/product_tag?post=8899"}],"curies":[{"name":"wp","href":"https:\/\/api.w.org\/{rel}","templated":true}]}}